{"id":13,"date":"2016-02-08T13:39:25","date_gmt":"2016-02-08T13:39:25","guid":{"rendered":"http:\/\/vohle-consulting.de\/?page_id=13"},"modified":"2016-02-08T18:49:21","modified_gmt":"2016-02-08T18:49:21","slug":"leistungen","status":"publish","type":"page","link":"https:\/\/vohle-consulting.de\/?page_id=13","title":{"rendered":"High-Tech Start-Up"},"content":{"rendered":"<ul>\n<li>\n<h4>Bewertung der Idee (organisch vs. hochskalierbar)<\/h4>\n<\/li>\n<li>\n<h4>Absch\u00e4tzung der Venture-Capital F\u00e4higkeit<\/h4>\n<\/li>\n<li>\n<h4>Identifikation von m\u00f6glichen F\u00f6rdermitteln<\/h4>\n<\/li>\n<li>\n<h4>Coaching &#8222;Von der Idee zum professionellen Businessplan&#8220;<\/h4>\n<\/li>\n<li>\n<h4>Identifikation von passenden Investoren<\/h4>\n<\/li>\n<li>\n<h4>Ansprache der Investoren<\/h4>\n<\/li>\n<li>\n<h4>Begleitung bei Pr\u00e4sentationen bis zum &#8222;Closing&#8220;<\/h4>\n<\/li>\n<li>\n<h4>Unterst\u00fctzung des Managements bei &#8222;Meilensteinerreichung&#8220;, &#8222;Reporting&#8220;, &#8222;Folgefinanzierungen&#8220;<\/h4>\n<\/li>\n<\/ul>\n","protected":false},"excerpt":{"rendered":"<p>Bewertung der Idee (organisch vs. hochskalierbar) Absch\u00e4tzung der Venture-Capital F\u00e4higkeit Identifikation von m\u00f6glichen F\u00f6rdermitteln Coaching &#8222;Von der Idee zum professionellen Businessplan&#8220; Identifikation von passenden Investoren Ansprache der Investoren Begleitung bei Pr\u00e4sentationen bis zum &#8222;Closing&#8220; Unterst\u00fctzung des Managements bei &#8222;Meilensteinerreichung&#8220;, &#8222;Reporting&#8220;, [&hellip;]<\/p>\n","protected":false},"author":1,"featured_media":0,"parent":0,"menu_order":0,"comment_status":"closed","ping_status":"closed","template":"","meta":{"footnotes":""},"class_list":["post-13","page","type-page","status-publish","hentry"],"_links":{"self":[{"href":"https:\/\/vohle-consulting.de\/index.php?rest_route=\/wp\/v2\/pages\/13","targetHints":{"allow":["GET"]}}],"collection":[{"href":"https:\/\/vohle-consulting.de\/index.php?rest_route=\/wp\/v2\/pages"}],"about":[{"href":"https:\/\/vohle-consulting.de\/index.php?rest_route=\/wp\/v2\/types\/page"}],"author":[{"embeddable":true,"href":"https:\/\/vohle-consulting.de\/index.php?rest_route=\/wp\/v2\/users\/1"}],"replies":[{"embeddable":true,"href":"https:\/\/vohle-consulting.de\/index.php?rest_route=%2Fwp%2Fv2%2Fcomments&post=13"}],"version-history":[{"count":4,"href":"https:\/\/vohle-consulting.de\/index.php?rest_route=\/wp\/v2\/pages\/13\/revisions"}],"predecessor-version":[{"id":43,"href":"https:\/\/vohle-consulting.de\/index.php?rest_route=\/wp\/v2\/pages\/13\/revisions\/43"}],"wp:attachment":[{"href":"https:\/\/vohle-consulting.de\/index.php?rest_route=%2Fwp%2Fv2%2Fmedia&parent=13"}],"curies":[{"name":"wp","href":"https:\/\/api.w.org\/{rel}","templated":true}]}}