{"id":23,"date":"2016-02-08T17:32:50","date_gmt":"2016-02-08T17:32:50","guid":{"rendered":"http:\/\/vohle-consulting.de\/?page_id=23"},"modified":"2016-02-08T18:50:47","modified_gmt":"2016-02-08T18:50:47","slug":"person-referenzen","status":"publish","type":"page","link":"https:\/\/vohle-consulting.de\/?page_id=23","title":{"rendered":"Person \/ Referenzen"},"content":{"rendered":"<h4>Unternehmensberater &amp; Coach<\/h4>\n<h4><img loading=\"lazy\" decoding=\"async\" class=\"alignnone size-medium wp-image-5\" src=\"http:\/\/vohle-consulting.de\/wp-content\/uploads\/2016\/02\/cropped-Peter-Vohle-ZEB-1-300x300.jpg\" alt=\"cropped-Peter-Vohle-ZEB-1.jpg\" width=\"300\" height=\"300\" srcset=\"https:\/\/vohle-consulting.de\/wp-content\/uploads\/2016\/02\/cropped-Peter-Vohle-ZEB-1-300x300.jpg 300w, https:\/\/vohle-consulting.de\/wp-content\/uploads\/2016\/02\/cropped-Peter-Vohle-ZEB-1-150x150.jpg 150w, https:\/\/vohle-consulting.de\/wp-content\/uploads\/2016\/02\/cropped-Peter-Vohle-ZEB-1-270x270.jpg 270w, https:\/\/vohle-consulting.de\/wp-content\/uploads\/2016\/02\/cropped-Peter-Vohle-ZEB-1-192x192.jpg 192w, https:\/\/vohle-consulting.de\/wp-content\/uploads\/2016\/02\/cropped-Peter-Vohle-ZEB-1-180x180.jpg 180w, https:\/\/vohle-consulting.de\/wp-content\/uploads\/2016\/02\/cropped-Peter-Vohle-ZEB-1-32x32.jpg 32w, https:\/\/vohle-consulting.de\/wp-content\/uploads\/2016\/02\/cropped-Peter-Vohle-ZEB-1.jpg 512w\" sizes=\"auto, (max-width: 300px) 100vw, 300px\" \/><\/h4>\n<h4>Peter Vohle<\/h4>\n<h4>Ausbildung:<\/h4>\n<h4>Dipl. Volkswirt &#8211; Westf\u00e4lische Wilhelms Universit\u00e4t M\u00fcnster &#8211;<\/h4>\n<h4>Referenzen:<\/h4>\n<ul>\n<li>\n<h4>CILIAN AG (www.cilian.de) \/ High-Tech Gr\u00fcndung<\/h4>\n<ul>\n<li>\n<h4>universit\u00e4re Ausgr\u00fcndung<\/h4>\n<\/li>\n<li>\n<h4>Biotechnologie<\/h4>\n<\/li>\n<li>\n<h4>Mit-Gr\u00fcnder CFO &amp; Vorstand Business-Development<\/h4>\n<ul>\n<li>\n<h4>Aufbau von drei erfolgreichen Venture-Capital Runden \u00fcber insgesamt \u20ac 5 Mio.<\/h4>\n<\/li>\n<li>\n<h4>Aufbau des operativen Unternehmens<\/h4>\n<\/li>\n<\/ul>\n<\/li>\n<li>\n<h4>Sp\u00e4ter &#8222;Strategic Consultant&#8220; des Unternehmens<\/h4>\n<\/li>\n<\/ul>\n<\/li>\n<li>\n<h4>Tel2Web \/High-Tech Gr\u00fcndung<\/h4>\n<ul>\n<li>\n<h4>IT\/TK Unternehmen<\/h4>\n<\/li>\n<li>\n<h4>Voice over IP<\/h4>\n<\/li>\n<li>\n<h4>Berater und sp\u00e4ter GF<\/h4>\n<\/li>\n<li>\n<h4>Vorstellung des Unternehmens beim High-Tech-Gr\u00fcnderfond in Bonn<\/h4>\n<\/li>\n<li>\n<h4>Begleitung Verkauf des Unternehmens an eine Schweizer Holding<\/h4>\n<\/li>\n<\/ul>\n<\/li>\n<li>\n<h4>Ausgew\u00e4hlte Beratungsmandate im Rahmen der Beratungsf\u00f6rderung der KfW und des Landes NRW \/ Klassische Gr\u00fcndungen<\/h4>\n<ul>\n<li>\n<h4>Gr\u00fcndercoaching Deutschland (GCD), Beratungsprogramm Wirtschaft NRW<\/h4>\n<ul>\n<li>\n<h4>https:\/\/beraterboerse.kfw.de\/index.php?ac=consultant_projects&amp;id=47669<\/h4>\n<\/li>\n<li>\n<h4>Vegan-Angels (www.veganangels.de) \/ Businessangel f\u00fcr vegane Projekte<\/h4>\n<\/li>\n<li>\n<h4>United Fighters Academie (www.ufa-ms.de) \/ Kampfsportschule<\/h4>\n<\/li>\n<li>\n<h4>Venoy\u00a0 (www.youtube.com\/watch?v=wEYGg5EIGrc) \/ veganes Restaurant<\/h4>\n<\/li>\n<\/ul>\n<\/li>\n<li>\n<h4>Potenzialberatung NRW \/ Unternehmensnachfolge<\/h4>\n<ul>\n<li>\n<h4>Mandate auf Anfrage \/ Nicht \u00d6ffentlich<\/h4>\n<\/li>\n<\/ul>\n<\/li>\n<\/ul>\n<\/li>\n<li>\n<h4>Finanzierungen, Liquidit\u00e4tsfreisetzungen (Innenfinanzierung) und Kapitalakquistion \/ Mittelstandsmandate<\/h4>\n<ul>\n<li>\n<h4>Mandate auf Anfrage \/ Nicht \u00d6ffentlich<\/h4>\n<\/li>\n<\/ul>\n<\/li>\n<\/ul>\n<h4><\/h4>\n","protected":false},"excerpt":{"rendered":"<p>Unternehmensberater &amp; Coach Peter Vohle Ausbildung: Dipl. Volkswirt &#8211; Westf\u00e4lische Wilhelms Universit\u00e4t M\u00fcnster &#8211; Referenzen: CILIAN AG (www.cilian.de) \/ High-Tech Gr\u00fcndung universit\u00e4re Ausgr\u00fcndung Biotechnologie Mit-Gr\u00fcnder CFO &amp; Vorstand Business-Development Aufbau von drei erfolgreichen Venture-Capital Runden \u00fcber insgesamt \u20ac 5 Mio. [&hellip;]<\/p>\n","protected":false},"author":1,"featured_media":0,"parent":0,"menu_order":0,"comment_status":"closed","ping_status":"closed","template":"","meta":{"footnotes":""},"class_list":["post-23","page","type-page","status-publish","hentry"],"_links":{"self":[{"href":"https:\/\/vohle-consulting.de\/index.php?rest_route=\/wp\/v2\/pages\/23","targetHints":{"allow":["GET"]}}],"collection":[{"href":"https:\/\/vohle-consulting.de\/index.php?rest_route=\/wp\/v2\/pages"}],"about":[{"href":"https:\/\/vohle-consulting.de\/index.php?rest_route=\/wp\/v2\/types\/page"}],"author":[{"embeddable":true,"href":"https:\/\/vohle-consulting.de\/index.php?rest_route=\/wp\/v2\/users\/1"}],"replies":[{"embeddable":true,"href":"https:\/\/vohle-consulting.de\/index.php?rest_route=%2Fwp%2Fv2%2Fcomments&post=23"}],"version-history":[{"count":4,"href":"https:\/\/vohle-consulting.de\/index.php?rest_route=\/wp\/v2\/pages\/23\/revisions"}],"predecessor-version":[{"id":47,"href":"https:\/\/vohle-consulting.de\/index.php?rest_route=\/wp\/v2\/pages\/23\/revisions\/47"}],"wp:attachment":[{"href":"https:\/\/vohle-consulting.de\/index.php?rest_route=%2Fwp%2Fv2%2Fmedia&parent=23"}],"curies":[{"name":"wp","href":"https:\/\/api.w.org\/{rel}","templated":true}]}}